{"id":174,"date":"2022-08-22T10:49:33","date_gmt":"2022-08-22T08:49:33","guid":{"rendered":"http:\/\/wp.kanzlei-weinreich.de\/ueber-uns\/?page_id=174"},"modified":"2025-08-07T16:13:46","modified_gmt":"2025-08-07T14:13:46","slug":"impressum","status":"publish","type":"page","link":"https:\/\/kanzlei-weinreich.de\/ueber-uns\/impressum\/","title":{"rendered":"Impressum"},"content":{"rendered":"<p>[et_pb_section fb_built=&#8220;1&#8243; fullwidth=&#8220;on&#8220; _builder_version=&#8220;4.18.0&#8243; background_color=&#8220;#767FBA&#8220; use_background_color_gradient=&#8220;on&#8220; background_color_gradient_direction=&#8220;330deg&#8220; background_color_gradient_stops=&#8220;#2ea3f2 0%|#2e6df4 100%&#8220; background_color_gradient_start=&#8220;#2ea3f2&#8243; background_color_gradient_end=&#8220;#2e6df4&#8243; global_colors_info=&#8220;{}&#8220;][et_pb_fullwidth_header title=&#8220;Impressum&#8220; subhead=&#8220;Weinreich PartG mbB&#8220; _builder_version=&#8220;4.18.0&#8243; background_color=&#8220;#44559D&#8220; global_colors_info=&#8220;{}&#8220; button_one_text_size__hover_enabled=&#8220;off&#8220; button_two_text_size__hover_enabled=&#8220;off&#8220; button_one_text_color__hover_enabled=&#8220;off&#8220; button_two_text_color__hover_enabled=&#8220;off&#8220; button_one_border_width__hover_enabled=&#8220;off&#8220; button_two_border_width__hover_enabled=&#8220;off&#8220; button_one_border_color__hover_enabled=&#8220;off&#8220; button_two_border_color__hover_enabled=&#8220;off&#8220; button_one_border_radius__hover_enabled=&#8220;off&#8220; button_two_border_radius__hover_enabled=&#8220;off&#8220; button_one_letter_spacing__hover_enabled=&#8220;off&#8220; button_two_letter_spacing__hover_enabled=&#8220;off&#8220; button_one_bg_color__hover_enabled=&#8220;off&#8220; button_two_bg_color__hover_enabled=&#8220;off&#8220;]<\/p>\n<p>Rechtsanwalt &amp; Steuerberater<\/p>\n<p>[\/et_pb_fullwidth_header][\/et_pb_section][et_pb_section fb_built=&#8220;1&#8243; specialty=&#8220;on&#8220; _builder_version=&#8220;4.16&#8243; global_colors_info=&#8220;{}&#8220;][et_pb_column type=&#8220;1_4&#8243; _builder_version=&#8220;4.16&#8243; custom_padding=&#8220;|||&#8220; global_colors_info=&#8220;{}&#8220; custom_padding__hover=&#8220;|||&#8220;][et_pb_blurb _builder_version=&#8220;4.18.0&#8243; _module_preset=&#8220;default&#8220; header_text_color=&#8220;#467097&#8243; width=&#8220;100%&#8220; custom_padding=&#8220;||85px|1px||&#8220; global_colors_info=&#8220;{}&#8220;]<\/p>\n<p>Angaben gem\u00e4\u00df \u00a7 5 TMG<\/p>\n<p>Weinreich PartG mbB<\/p>\n<p>Rechtsanwalt Steuerberater<br \/>Gottlieb-Daimler-Stra\u00dfe 5<br \/>88696 Owingen<\/p>\n<p><strong>Vertretungsberechtigte Partner:<\/strong><br \/>Andreas Weinreich<\/p>\n<p>Simone Weinreich<\/p>\n<p>Telefon: +49 7551 834 84 10<br \/>Telefax: +49 7551 834 84 20<br \/>E-Mail: info@kanzlei-weinreich.de<br \/>www.kanzlei-weinreich.de<br \/>Steuer-Nr.: 87017\/02209<\/p>\n<p>Berufsbezeichnung der in der Kanzlei t\u00e4tigen:<\/p>\n<p><strong>Andreas Weinreich<\/strong><br \/>Steuerberater &amp; Rechtsanwalt, Fachanwalt f\u00fcr Steuerrecht<br \/>(verliehen in der Bundesrepublik Deutschland)<br \/>Qualifikation: Zertifizierter Testamentsvollstrecker (Institut f\u00fcr Erbrecht)<\/p>\n<p><strong>Simone Weinreich<\/strong><br \/>Steuerberaterin<br \/>(verliehen in der Bundesrepublik Deutschland)<\/p>\n<p>Partnerschaftsregister:<br \/>Amtsgericht Freiburg<br \/>Register-Nr.: PR 700461<br \/>Sitz der Gesellschaft: 88696 Owingen<\/p>\n<p>[\/et_pb_blurb][\/et_pb_column][et_pb_column type=&#8220;1_2&#8243; specialty_columns=&#8220;2&#8243; _builder_version=&#8220;4.16&#8243; custom_padding=&#8220;|||&#8220; global_colors_info=&#8220;{}&#8220; custom_padding__hover=&#8220;|||&#8220;][et_pb_row_inner _builder_version=&#8220;4.16&#8243; global_colors_info=&#8220;{}&#8220;][et_pb_column_inner saved_specialty_column_type=&#8220;1_2&#8243; _builder_version=&#8220;4.16&#8243; custom_padding=&#8220;|||&#8220; global_colors_info=&#8220;{}&#8220; custom_padding__hover=&#8220;|||&#8220;][et_pb_text _builder_version=&#8220;4.27.4&#8243; background_size=&#8220;initial&#8220; background_position=&#8220;top_left&#8220; background_repeat=&#8220;repeat&#8220; custom_margin=&#8220;|-50px||||&#8220; custom_padding=&#8220;|13px||0px||&#8220; hover_enabled=&#8220;0&#8243; global_colors_info=&#8220;{}&#8220; sticky_enabled=&#8220;0&#8243;]<\/p>\n<p><strong>Bildnachweis<\/strong><br \/>Portraits der Steuerberater und Mitarbeiter: Eigentum von Weinreich PartG mbB Steuerberater &amp; Rechtsanwalt<\/p>\n<p><strong>Umsetzung Webseite<\/strong><br \/>Foto &amp; Multimedia\u2013Design, Sabine Kosiedowski, Jakenburgstr. 4, 88696 Owingen, Tel.: 07557 820448, E-Mail: <a href=\"mailto:multimedia@kosiedowski.de\" target=\"_blank\" rel=\"noopener\">multimedia@kosiedowski.de<\/a><br \/>________________________________________<br \/><strong>Haftung f\u00fcr Inhalte<\/strong><br \/>Als Diensteanbieter sind wir gem\u00e4\u00df \u00a7 7 Abs.1 TMG f\u00fcr eigene Inhalte auf diesen Seiten nach den allgemeinen Gesetzen verantwortlich. Nach \u00a7\u00a7 8 bis 10 TMG sind wir als Diensteanbieter jedoch nicht verpflichtet, \u00fcbermittelte oder gespeicherte fremde Informationen zu \u00fcberwachen oder nach Umst\u00e4nden zu forschen, die auf eine rechtswidrige T\u00e4tigkeit hinweisen.<\/p>\n<p>Der Anbieter \u00fcbernimmt keine Gew\u00e4hr auf die Aktualit\u00e4t, Richtigkeit und Vollst\u00e4ndigkeit der bereitgestellten Informationen auf seinen Internetseiten. Die Haftung des Anbieters f\u00fcr die Inhalte der Homepage und deren Nutzung wird auf Vorsatz und grob fahrl\u00e4ssiges Verschulden beschr\u00e4nkt. Der Anbieter haftet insbesondere nicht f\u00fcr Fehler bei der \u00dcbertragung von Schriftst\u00fccken oder auf Grund einer unbefugten Ver\u00e4nderung durch Dritte. F\u00fcr Inhalte von Internetverweisen, Webseiten und externer Links, die \u00fcber Verkn\u00fcpfungen (Links) erreicht werden, wird keinerlei Verantwortung \u00fcbernommen. Die Inhalte der verlinkten Seiten werden nicht zu eigen gemacht. Von allen Inhalten, die m\u00f6glicherweise straf- oder haftungsrechtlich relevant sind oder gegen die guten Sitten versto\u00dfen distanzieren wir uns ausdr\u00fccklich. F\u00fcr Sch\u00e4den, die durch die Nutzung oder Nichtnutzung entstehen, haftete allein der Betreiber\/Anbieter der Webseite.<\/p>\n<p><strong>Urheberrecht<\/strong><br \/>Die durch die Seitenbetreiber erstellten Inhalte und Werke auf diesen Seiten unterliegen dem deutschen Urheberrecht. Die Vervielf\u00e4ltigung, Bearbeitung, Verbreitung und jede Art der Verwertung au\u00dferhalb der Grenzen des Urheberrechtes bed\u00fcrfen der schriftlichen Zustimmung des jeweiligen Autors bzw. Erstellers. Downloads und Kopien dieser Seite sind nur f\u00fcr den privaten, nicht kommerziellen Gebrauch gestattet.<br \/>Soweit die Inhalte auf dieser Seite nicht vom Betreiber erstellt wurden, werden die Urheberrechte Dritter beachtet. Insbesondere werden Inhalte Dritter als solche gekennzeichnet. Sollten Sie trotzdem auf eine Urheberrechtsverletzung aufmerksam werden, bitten wir um einen entsprechenden Hinweis. Bei Bekanntwerden von Rechtsverletzungen werden wir derartige Inhalte umgehend entfernen.<\/p>\n<p>&nbsp;<\/p>\n<p>[\/et_pb_text][\/et_pb_column_inner][\/et_pb_row_inner][\/et_pb_column][et_pb_column type=&#8220;1_4&#8243; _builder_version=&#8220;4.16&#8243; custom_padding=&#8220;|||&#8220; global_colors_info=&#8220;{}&#8220; custom_padding__hover=&#8220;|||&#8220;][et_pb_blurb alt=&#8220;Andreas Weinreich&#8220; _builder_version=&#8220;4.27.4&#8243; _module_preset=&#8220;default&#8220; global_colors_info=&#8220;{}&#8220;]<\/p>\n<p><strong>Zust\u00e4ndige Kammern:<\/strong><br \/><strong><\/strong><\/p>\n<p><strong>Rechtsanwaltskammer Freiburg<\/strong><br \/>Bertoldstra\u00dfe 44, 79098 Freiburg<\/p>\n<p><strong>Steuerberaterkammer Stuttgart<\/strong><br \/>Hegelstra\u00dfe 33, 70174 Stuttgart<\/p>\n<p><strong>Berufsrechtliche Regelungen<\/strong><\/p>\n<p><strong>Rechtsanwalt<\/strong><br \/>Rechtsberatungsgesetz (RBerG)<br \/>Bundesrechtsanwaltsordnung (BRAO)<br \/>Fachanwaltsordnung (FAO)<br \/>Berufsordnung f\u00fcr Rechtsanw\u00e4lte (BORA)<br \/>Rechtsanwaltsverg\u00fctungsgesetz (RVG)<br \/>Verg\u00fctungsverzeichnis zu \u00a7 2 Abs. 2 RVG (VV-RVG)<br \/>Die berufsrechtlichen Regelungen sind einsehbar unter: <a href=\"https:\/\/www.brak.de\/anwaltschaft\/berufsrecht\/\" target=\"_blank\" rel=\"noopener\">Berufsrecht | Bundesrechtsanwaltskammer (brak.de)<\/a><\/p>\n<p><strong>Steuerberater<\/strong><br \/>Steuerberatungsgesetz (StBerG)<br \/>Durchf\u00fchrungsverordnung zum Steuerberatungsgesetz (DVStB)<br \/>Steuerberaterverg\u00fctungsverordnung (StBVV)<br \/>Berufsordnung f\u00fcr Steuerberater (BOStB)<br \/>Die berufsrechtlichen Regelungen sind einsehbar unter: <a href=\"https:\/\/stbk-stuttgart.de\/ihr-steuerberaterin-2\/berufsrecht\/\" target=\"_blank\" rel=\"noopener\">Berufsrecht | Steuerberaterkammer Stuttgart (stbk-stuttgart.de)<\/a> oder <a href=\"https:\/\/www.bstbk.de\/de\/themen\/berufsrecht\" target=\"_blank\" rel=\"noopener\">BStBK &#8211; Berufsrecht<\/a><\/p>\n<p><strong>Berufshaftpflichtversicherung:<\/strong><br \/>Allianz Versicherungs-AG, 10900 Berlin<br \/>Geltungsbereich der Versicherung: Bundesrepublik Deutschland<\/p>\n<p>[\/et_pb_blurb][\/et_pb_column][\/et_pb_section]<\/p>\n","protected":false},"excerpt":{"rendered":"<p>Rechtsanwalt &amp; SteuerberaterAngaben gem\u00e4\u00df \u00a7 5 TMG Weinreich PartG mbB Rechtsanwalt SteuerberaterGottlieb-Daimler-Stra\u00dfe 588696 Owingen Vertretungsberechtigte Partner:Andreas Weinreich Simone Weinreich Telefon: +49 7551 834 84 10Telefax: +49 7551 834 84 20E-Mail: info@kanzlei-weinreich.dewww.kanzlei-weinreich.deSteuer-Nr.: 87017\/02209 Berufsbezeichnung der in der Kanzlei t\u00e4tigen: Andreas WeinreichSteuerberater &amp; Rechtsanwalt, Fachanwalt f\u00fcr Steuerrecht(verliehen in der Bundesrepublik Deutschland)Qualifikation: Zertifizierter Testamentsvollstrecker (Institut f\u00fcr Erbrecht) Simone [&hellip;]<\/p>\n","protected":false},"author":1,"featured_media":0,"parent":0,"menu_order":0,"comment_status":"closed","ping_status":"closed","template":"","meta":{"_et_pb_use_builder":"on","_et_pb_old_content":"","_et_gb_content_width":"","footnotes":""},"class_list":["post-174","page","type-page","status-publish","hentry"],"aioseo_notices":[],"_links":{"self":[{"href":"https:\/\/kanzlei-weinreich.de\/ueber-uns\/wp-json\/wp\/v2\/pages\/174","targetHints":{"allow":["GET"]}}],"collection":[{"href":"https:\/\/kanzlei-weinreich.de\/ueber-uns\/wp-json\/wp\/v2\/pages"}],"about":[{"href":"https:\/\/kanzlei-weinreich.de\/ueber-uns\/wp-json\/wp\/v2\/types\/page"}],"author":[{"embeddable":true,"href":"https:\/\/kanzlei-weinreich.de\/ueber-uns\/wp-json\/wp\/v2\/users\/1"}],"replies":[{"embeddable":true,"href":"https:\/\/kanzlei-weinreich.de\/ueber-uns\/wp-json\/wp\/v2\/comments?post=174"}],"version-history":[{"count":16,"href":"https:\/\/kanzlei-weinreich.de\/ueber-uns\/wp-json\/wp\/v2\/pages\/174\/revisions"}],"predecessor-version":[{"id":1861,"href":"https:\/\/kanzlei-weinreich.de\/ueber-uns\/wp-json\/wp\/v2\/pages\/174\/revisions\/1861"}],"wp:attachment":[{"href":"https:\/\/kanzlei-weinreich.de\/ueber-uns\/wp-json\/wp\/v2\/media?parent=174"}],"curies":[{"name":"wp","href":"https:\/\/api.w.org\/{rel}","templated":true}]}}